{"id":11,"date":"2014-01-28T15:40:54","date_gmt":"2014-01-28T13:40:54","guid":{"rendered":"http:\/\/www.egold-webdesign.de\/?page_id=11"},"modified":"2014-01-29T12:30:58","modified_gmt":"2014-01-29T10:30:58","slug":"werbegestaltung","status":"publish","type":"page","link":"https:\/\/www.egold-webdesign.de\/?page_id=11","title":{"rendered":"Werbegestaltung"},"content":{"rendered":"<p><span style=\"font-family: arial,helvetica,sans-serif;\"><b>Flyer &#8211; Folder &#8211; Visitenkarten&#8230;<\/b><\/span><\/p>\n<p><span style=\"font-family: arial,helvetica,sans-serif;\">Ihre Produkte sind gut und Ihr Unternehmen hat einiges zu sagen? Immer wenn es gilt, sich auf- und auszustellen, sind Kataloge, Brosch\u00fcren und Flyer das Mittel der Wahl, um Eindruck bei Ihren Kunden zu machen. Mit handwerklichem K\u00f6nnen und Liebe zum Detail sorgen wir daf\u00fcr, dass Ihre Produkte angemessen inszeniert, Ihre Leistungen sympathisch dargestellt und die entscheidenden Botschaften transportiert werden.<\/span><\/p>\n<p><span style=\"font-family: arial,helvetica,sans-serif;\"><b>Printdesign<\/b><\/span><br \/>\n<span style=\"font-family: arial,helvetica,sans-serif;\"> Die Visitenkarte ist oft das erste Kommunikationsmittel mit Ihren Kunden, und trotz Internet haben die klassischen Print-Produkte wie Briefpapier, Flyer, Image-\/Produkt-Brosch\u00fcren, Plakate etc. immer noch ihren festen Platz in der Gesch\u00e4ftswelt. Sie sind nach wie vor fester Bestandteil der Kommunikation und pr\u00e4sentieren Ihr Unternehmen oder Ihrer Organisation.<\/span><\/p>\n<p><span style=\"font-family: arial,helvetica,sans-serif;\">Wir realisieren Werbekampagnen, Anzeigen und Brosch\u00fcren und andere Printprodukte f\u00fcr Kunden verschiedener Branchen.<\/span><\/p>\n<p><span style=\"font-family: arial,helvetica,sans-serif;\">Was wir tun:<\/span><br \/>\n<span style=\"font-family: arial,helvetica,sans-serif;\"> Konzeption und Entwicklung von:<\/span><\/p>\n<p><span style=\"font-family: arial,helvetica,sans-serif;\">Unternehmensbrosch\u00fcren, Visitenkarten,<\/span><br \/>\n<span style=\"font-family: arial,helvetica,sans-serif;\"> Prospekten, Produkt- und Werbeflyer<\/span><\/p>\n","protected":false},"excerpt":{"rendered":"<p>Flyer &#8211; Folder &#8211; Visitenkarten&#8230; Ihre Produkte sind gut und Ihr Unternehmen hat einiges zu sagen? Immer wenn es gilt, sich auf- und auszustellen, sind Kataloge, Brosch\u00fcren und Flyer das Mittel der Wahl, um Eindruck bei Ihren Kunden zu machen. Mit handwerklichem K\u00f6nnen und Liebe zum Detail sorgen wir daf\u00fcr,<a href=\"https:\/\/www.egold-webdesign.de\/?page_id=11\" class=\"read-more\">Read the Rest&#8230;<\/a><\/p>\n","protected":false},"author":1,"featured_media":0,"parent":0,"menu_order":0,"comment_status":"closed","ping_status":"closed","template":"","meta":[],"_links":{"self":[{"href":"https:\/\/www.egold-webdesign.de\/index.php?rest_route=\/wp\/v2\/pages\/11"}],"collection":[{"href":"https:\/\/www.egold-webdesign.de\/index.php?rest_route=\/wp\/v2\/pages"}],"about":[{"href":"https:\/\/www.egold-webdesign.de\/index.php?rest_route=\/wp\/v2\/types\/page"}],"author":[{"embeddable":true,"href":"https:\/\/www.egold-webdesign.de\/index.php?rest_route=\/wp\/v2\/users\/1"}],"replies":[{"embeddable":true,"href":"https:\/\/www.egold-webdesign.de\/index.php?rest_route=%2Fwp%2Fv2%2Fcomments&post=11"}],"version-history":[{"count":2,"href":"https:\/\/www.egold-webdesign.de\/index.php?rest_route=\/wp\/v2\/pages\/11\/revisions"}],"predecessor-version":[{"id":23,"href":"https:\/\/www.egold-webdesign.de\/index.php?rest_route=\/wp\/v2\/pages\/11\/revisions\/23"}],"wp:attachment":[{"href":"https:\/\/www.egold-webdesign.de\/index.php?rest_route=%2Fwp%2Fv2%2Fmedia&parent=11"}],"curies":[{"name":"wp","href":"https:\/\/api.w.org\/{rel}","templated":true}]}}