{"id":13,"date":"2014-01-28T15:44:31","date_gmt":"2014-01-28T13:44:31","guid":{"rendered":"http:\/\/www.egold-webdesign.de\/?page_id=13"},"modified":"2014-01-30T18:35:39","modified_gmt":"2014-01-30T16:35:39","slug":"impressum","status":"publish","type":"page","link":"https:\/\/www.egold-webdesign.de\/?page_id=13","title":{"rendered":"Impressum"},"content":{"rendered":"<p><span style=\"font-family: arial,helvetica,sans-serif;\">Angaben gem\u00e4\u00df \u00a7 5 TMG:<\/span><\/p>\n<p><span style=\"font-family: arial,helvetica,sans-serif;\"><b>Webprogrammierung &amp; Werbegestaltung<br \/>\n<\/b><\/span><br \/>\n<span style=\"font-family: arial,helvetica,sans-serif;\"> Inhaber: Jan Egold<\/span><\/p>\n<p><span style=\"font-family: arial,helvetica,sans-serif;\">Hubertusstra\u00dfe 39<\/span><br \/>\n<span style=\"font-family: arial,helvetica,sans-serif;\"> 63619 Bad Orb<\/span><\/p>\n<p><span style=\"font-family: arial,helvetica,sans-serif;\"><b>Kontakt:<\/b><b><\/b><\/span><\/p>\n<p><span style=\"font-family: arial,helvetica,sans-serif;\">Telefon: 06052 &#8211; 80 98 93<\/span><br \/>\n<span style=\"font-family: arial,helvetica,sans-serif;\"> Telefax: 06052 &#8211; 91 27 60<\/span><br \/>\n<span style=\"font-family: arial,helvetica,sans-serif;\"> E-Mail: <a href=\"mailto:info@egold-webdesign.de?subject=Nachricht%20aus%20Impressum\">info(at)egold-webdesign.de<\/a><\/span><br \/>\n<span style=\"font-family: arial,helvetica,sans-serif;\"> Homepage: <a href=\"http:\/\/www.egold-webdesign.de\/undefined\/\" target=\"_self\">http:\/\/www.egold-webdesign.de<\/a><\/span><\/p>\n<p><span style=\"font-family: arial,helvetica,sans-serif;\"><b>Umsatzsteuer-ID:<\/b><b><\/b><\/span><\/p>\n<p><span style=\"font-family: arial,helvetica,sans-serif;\">Umsatzsteuer-Identifikationsnummer gem\u00e4\u00df \u00a727 a Umsatzsteuergesetz:<\/span><br \/>\n<span style=\"font-family: arial,helvetica,sans-serif;\"> DE 259720236<\/span><\/p>\n<p><span style=\"font-family: arial,helvetica,sans-serif;\"><b>Steuernummer:<\/b><b><\/b><\/span><\/p>\n<p><span style=\"font-family: arial,helvetica,sans-serif;\">Steuernummer: 019 814 30316<\/span><\/p>\n<p><span style=\"font-family: arial,helvetica,sans-serif;\"><b>Quellenangaben f\u00fcr die verwendeten Bilder und Grafiken:<\/b><b><\/b><\/span><\/p>\n<p><span style=\"font-family: arial,helvetica,sans-serif;\"><a href=\"http:\/\/www.fotolia.de\" target=\"_blank\">http:\/\/www.fotolia.de<br \/>\n<\/a><br \/>\nQuelle: <i>Impressum von <a href=\"http:\/\/www.e-recht24.de\" target=\"_blank\">e-recht24.de<\/a>.<\/i><\/span><\/p>\n<p><span style=\"font-family: arial,helvetica,sans-serif;\"><b>Haftungsausschluss:<\/b><b><\/b><\/span><\/p>\n<p><span style=\"font-family: arial,helvetica,sans-serif;\"><b>Haftung f\u00fcr Inhalte<\/b><\/span><\/p>\n<p><span style=\"font-family: arial,helvetica,sans-serif;\">Die Inhalte unserer Seiten wurden mit gr\u00f6\u00dfter Sorgfalt erstellt. F\u00fcr die Richtigkeit, Vollst\u00e4ndigkeit und Aktualit\u00e4t der Inhalte k\u00f6nnen wir jedoch keine Gew\u00e4hr \u00fcbernehmen. Als Diensteanbieter sind wir gem\u00e4\u00df \u00a7 7 Abs.1 TMG f\u00fcr eigene Inhalte auf diesen Seiten nach den allgemeinen Gesetzen verantwortlich. Nach \u00a7\u00a7 8 bis 10 TMG sind wir als Diensteanbieter jedoch nicht verpflichtet, \u00fcbermittelte oder gespeicherte fremde Informationen zu \u00fcberwachen oder nach Umst\u00e4nden zu forschen, die auf eine rechtswidrige T\u00e4tigkeit hinweisen. Verpflichtungen zur Entfernung oder Sperrung der Nutzung von Informationen nach den allgemeinen Gesetzen bleiben hiervon unber\u00fchrt. Eine diesbez\u00fcgliche Haftung ist jedoch erst ab dem Zeitpunkt der Kenntnis einer konkreten Rechtsverletzung m\u00f6glich. Bei Bekanntwerden von entsprechenden Rechtsverletzungen werden wir diese Inhalte umgehend entfernen.<\/span><\/p>\n<p><span style=\"font-family: arial,helvetica,sans-serif;\"><b>Haftung f\u00fcr Links<\/b><\/span><\/p>\n<p><span style=\"font-family: arial,helvetica,sans-serif;\">Unser Angebot enth\u00e4lt Links zu externen Webseiten Dritter, auf deren Inhalte wir keinen Einfluss haben. Deshalb k\u00f6nnen wir f\u00fcr diese fremden Inhalte auch keine Gew\u00e4hr \u00fcbernehmen. F\u00fcr die Inhalte der verlinkten Seiten ist stets der jeweilige Anbieter oder Betreiber der Seiten verantwortlich. Die verlinkten Seiten wurden zum Zeitpunkt der Verlinkung auf m\u00f6gliche Rechtsverst\u00f6\u00dfe \u00fcberpr\u00fcft. Rechtswidrige Inhalte waren zum Zeitpunkt der Verlinkung nicht erkennbar. Eine permanente inhaltliche Kontrolle der verlinkten Seiten ist jedoch ohne konkrete Anhaltspunkte einer Rechtsverletzung nicht zumutbar. Bei Bekanntwerden von Rechtsverletzungen werden wir derartige Links umgehend entfernen.<\/span><\/p>\n<p><span style=\"font-family: arial,helvetica,sans-serif;\"><b>Urheberrecht<\/b><\/span><\/p>\n<p><span style=\"font-family: arial,helvetica,sans-serif;\">Die durch die Seitenbetreiber erstellten Inhalte und Werke auf diesen Seiten unterliegen dem deutschen Urheberrecht. Die Vervielf\u00e4ltigung, Bearbeitung, Verbreitung und jede Art der Verwertung au\u00dferhalb der Grenzen des Urheberrechtes bed\u00fcrfen der schriftlichen Zustimmung des jeweiligen Autors bzw. Erstellers. Downloads und Kopien dieser Seite sind nur f\u00fcr den privaten, nicht kommerziellen Gebrauch gestattet. Soweit die Inhalte auf dieser Seite nicht vom Betreiber erstellt wurden, werden die Urheberrechte Dritter beachtet. Insbesondere werden Inhalte Dritter als solche gekennzeichnet. Sollten Sie trotzdem auf eine Urheberrechtsverletzung aufmerksam werden, bitten wir um einen entsprechenden Hinweis. Bei Bekanntwerden von Rechtsverletzungen werden wir derartige Inhalte umgehend entfernen.<\/span><\/p>\n<p><span style=\"font-family: arial,helvetica,sans-serif;\"><b>Datenschutz<\/b><\/span><\/p>\n<p><span style=\"font-family: arial,helvetica,sans-serif;\">Die Nutzung unserer Webseite ist in der Regel ohne Angabe personenbezogener Daten m\u00f6glich. Soweit auf unseren Seiten personenbezogene Daten (beispielsweise Name, Anschrift oder eMail-Adressen) erhoben werden, erfolgt dies, soweit m\u00f6glich, stets auf freiwilliger Basis. Diese Daten werden ohne Ihre ausdr\u00fcckliche Zustimmung nicht an Dritte weitergegeben.<\/span><\/p>\n<p><span style=\"font-family: arial,helvetica,sans-serif;\">Wir weisen darauf hin, dass die Daten\u00fcbertragung im Internet (z.B. bei der Kommunikation per E-Mail) Sicherheitsl\u00fccken aufweisen kann. Ein l\u00fcckenloser Schutz der Daten vor dem Zugriff durch Dritte ist nicht m\u00f6glich.<\/span><\/p>\n<p><span style=\"font-family: arial,helvetica,sans-serif;\">Der Nutzung von im Rahmen der Impressumspflicht ver\u00f6ffentlichten Kontaktdaten durch Dritte zur \u00dcbersendung von nicht ausdr\u00fccklich angeforderter Werbung und Informationsmaterialien wird hiermit ausdr\u00fccklich widersprochen. Die Betreiber der Seiten behalten sich ausdr\u00fccklich rechtliche Schritte im Falle der unverlangten Zusendung von Werbeinformationen, etwa durch Spam-Mails, vor.<\/span><\/p>\n<p><span style=\"font-family: arial,helvetica,sans-serif;\"><b>Datenschutzerkl\u00e4rung f\u00fcr die Nutzung von Facebook-Plugins (Like-Button)<\/b><\/span><\/p>\n<p><span style=\"font-family: arial,helvetica,sans-serif;\">Auf unseren Seiten sind Plugins des sozialen Netzwerks Facebook, 1601 South California Avenue, Palo Alto, CA 94304, USA integriert. Die Facebook-Plugins erkennen Sie an dem Facebook-Logo oder dem &#8222;Like-Button&#8220; (&#8222;Gef\u00e4llt mir&#8220;) auf unserer Seite. Eine \u00dcbersicht \u00fcber die Facebook-Plugins finden Sie hier: <a href=\"http:\/\/developers.facebook.com\/docs\/plugins\/\" target=\"_blank\">http:\/\/developers.facebook.com\/docs\/plugins\/<\/a>.<\/span><br \/>\n<span style=\"font-family: arial,helvetica,sans-serif;\"> Wenn Sie unsere Seiten besuchen, wird \u00fcber das Plugin eine direkte Verbindung zwischen Ihrem Browser und dem Facebook-Server hergestellt. Facebook erh\u00e4lt dadurch die Information, dass Sie mit Ihrer IP-Adresse unsere Seite besucht haben. Wenn Sie den Facebook &#8222;Like-Button&#8220; anklicken w\u00e4hrend Sie in Ihrem Facebook-Account eingeloggt sind, k\u00f6nnen Sie die Inhalte unserer Seiten auf Ihrem Facebook-Profil verlinken. Dadurch kann Facebook den Besuch unserer Seiten Ihrem Benutzerkonto zuordnen. Wir weisen darauf hin, dass wir als Anbieter der Seiten keine Kenntnis vom Inhalt der \u00fcbermittelten Daten sowie deren Nutzung durch Facebook erhalten. Weitere Informationen hierzu finden Sie in der Datenschutzerkl\u00e4rung von facebook unter <a href=\"http:\/\/de-de.facebook.com\/policy.php\" target=\"_blank\">http:\/\/de-de.facebook.com\/policy.php<\/a><\/span><\/p>\n<p><span style=\"font-family: arial,helvetica,sans-serif;\">Wenn Sie nicht w\u00fcnschen, dass Facebook den Besuch unserer Seiten Ihrem Facebook-Nutzerkonto zuordnen kann, loggen Sie sich bitte aus Ihrem Facebook-Benutzerkonto aus.<\/span><\/p>\n<p><span style=\"font-family: arial,helvetica,sans-serif;\"><b>Datenschutzerkl\u00e4rung f\u00fcr die Nutzung von Google +1<\/b><\/span><\/p>\n<p><span style=\"font-family: arial,helvetica,sans-serif;\"><i>Erfassung und Weitergabe von Informationen:<\/i><\/span><br \/>\n<span style=\"font-family: arial,helvetica,sans-serif;\"> Mithilfe der Google +1-Schaltfl\u00e4che k\u00f6nnen Sie Informationen weltweit ver\u00f6ffentlichen. \u00fcber die Google +1-Schaltfl\u00e4che erhalten Sie und andere Nutzer personalisierte Inhalte von Google und unseren Partnern. Google speichert sowohl die Information, dass Sie f\u00fcr einen Inhalt +1 gegeben haben, als auch Informationen \u00fcber die Seite, die Sie beim Klicken auf +1 angesehen haben. Ihre +1 k\u00f6nnen als Hinweise zusammen mit Ihrem Profilnamen und Ihrem Foto in Google-Diensten, wie etwa in Suchergebnissen oder in Ihrem Google-Profil, oder an anderen Stellen auf Websites und Anzeigen im Internet eingeblendet werden.<\/span><br \/>\n<span style=\"font-family: arial,helvetica,sans-serif;\"> Google zeichnet Informationen \u00fcber Ihre +1-Aktivit\u00e4ten auf, um die Google-Dienste f\u00fcr Sie und andere zu verbessern. Um die Google +1-Schaltfl\u00e4che verwenden zu k\u00f6nnen, ben\u00f6tigen Sie ein weltweit sichtbares, \u00f6ffentliches Google-Profil, das zumindest den f\u00fcr das Profil gew\u00e4hlten Namen enthalten muss. Dieser Name wird in allen Google-Diensten verwendet. In manchen F\u00e4llen kann dieser Name auch einen anderen Namen ersetzen, den Sie beim Teilen von Inhalten \u00fcber Ihr Google-Konto verwendet haben. Die Identit\u00e4t Ihres Google-Profils kann Nutzern angezeigt werden, die Ihre E-Mail-Adresse kennen oder \u00fcber andere identifizierende Informationen von Ihnen verf\u00fcgen.<\/span><\/p>\n<p><span style=\"font-family: arial,helvetica,sans-serif;\"><i>Verwendung der erfassten Informationen:<\/i><\/span><br \/>\n<span style=\"font-family: arial,helvetica,sans-serif;\"> Neben den oben erl\u00e4uterten Verwendungszwecken werden die von Ihnen bereitgestellten Informationen gem\u00e4\u00df den geltenden Google-Datenschutzbestimmungen genutzt. Google ver\u00f6ffentlicht m\u00f6glicherweise zusammengefasste Statistiken \u00fcber die +1-Aktivit\u00e4ten der Nutzer bzw. gibt diese an Nutzer und Partner weiter, wie etwa Publisher, Inserenten oder verbundene Websites.<\/span><\/p>\n<p><span style=\"font-family: arial,helvetica,sans-serif;\"><b>Datenschutzerkl\u00e4rung f\u00fcr die Nutzung von Twitter<\/b><\/span><\/p>\n<p><span style=\"font-family: arial,helvetica,sans-serif;\">Auf unseren Seiten sind Funktionen des Dienstes Twitter eingebunden. Diese Funktionen werden angeboten durch die Twitter Inc., 795 Folsom St., Suite 600, San Francisco, CA 94107, USA. Durch das Benutzen von Twitter und der Funktion &#8222;Re-Tweet&#8220; werden die von Ihnen besuchten Webseiten mit Ihrem Twitter-Account verkn\u00fcpft und anderen Nutzern bekannt gegeben. Dabei werden auch Daten an Twitter \u00fcbertragen.<\/span><\/p>\n<p><span style=\"font-family: arial,helvetica,sans-serif;\">Wir weisen darauf hin, dass wir als Anbieter der Seiten keine Kenntnis vom Inhalt der \u00fcbermittelten Daten sowie deren Nutzung durch Twitter erhalten. Weitere Informationen hierzu finden Sie in der Datenschutzerkl\u00e4rung von Twitter unter <a href=\"http:\/\/twitter.com\/privacy\" target=\"_blank\">http:\/\/twitter.com\/privacy<\/a>.<\/span><\/p>\n<p><span style=\"font-family: arial,helvetica,sans-serif;\">Ihre Datenschutzeinstellungen bei Twitter k\u00f6nnen Sie in den Konto-Einstellungen unter <a href=\"http:\/\/twitter.com\/account\/settings\" target=\"_blank\">http:\/\/twitter.com\/account\/settings<\/a> \u00e4ndern.<\/span><\/p>\n<p><span style=\"font-family: arial,helvetica,sans-serif;\"><i>Quellenangaben: <a href=\"http:\/\/www.e-recht24.de\/muster-disclaimer.htm\" target=\"_blank\">Disclaimer eRecht24<\/a>, <a href=\"http:\/\/www.e-recht24.de\/artikel\/datenschutz\/6590-facebook-like-button-datenschutz-disclaimer.html\" target=\"_blank\">Facebook Disclaimer<\/a>, <a href=\"http:\/\/www.google.com\/intl\/de\/+\/policy\/+1button.html\" target=\"_blank\">Datenschutzerkl\u00e4rung f\u00fcr Google +1<\/a>, <a href=\"http:\/\/twitter.com\/privacy\" target=\"_blank\">Twitter Datenschutzerkl\u00e4rung<\/a><\/i><\/span><\/p>\n","protected":false},"excerpt":{"rendered":"<p>Angaben gem\u00e4\u00df \u00a7 5 TMG: Webprogrammierung &amp; Werbegestaltung Inhaber: Jan Egold Hubertusstra\u00dfe 39 63619 Bad Orb Kontakt: Telefon: 06052 &#8211; 80 98 93 Telefax: 06052 &#8211; 91 27 60 E-Mail: info(at)egold-webdesign.de Homepage: http:\/\/www.egold-webdesign.de Umsatzsteuer-ID: Umsatzsteuer-Identifikationsnummer gem\u00e4\u00df \u00a727 a Umsatzsteuergesetz: DE 259720236 Steuernummer: Steuernummer: 019 814 30316 Quellenangaben f\u00fcr die verwendeten<a href=\"https:\/\/www.egold-webdesign.de\/?page_id=13\" class=\"read-more\">Read the Rest&#8230;<\/a><\/p>\n","protected":false},"author":1,"featured_media":0,"parent":0,"menu_order":0,"comment_status":"closed","ping_status":"closed","template":"","meta":[],"_links":{"self":[{"href":"https:\/\/www.egold-webdesign.de\/index.php?rest_route=\/wp\/v2\/pages\/13"}],"collection":[{"href":"https:\/\/www.egold-webdesign.de\/index.php?rest_route=\/wp\/v2\/pages"}],"about":[{"href":"https:\/\/www.egold-webdesign.de\/index.php?rest_route=\/wp\/v2\/types\/page"}],"author":[{"embeddable":true,"href":"https:\/\/www.egold-webdesign.de\/index.php?rest_route=\/wp\/v2\/users\/1"}],"replies":[{"embeddable":true,"href":"https:\/\/www.egold-webdesign.de\/index.php?rest_route=%2Fwp%2Fv2%2Fcomments&post=13"}],"version-history":[{"count":4,"href":"https:\/\/www.egold-webdesign.de\/index.php?rest_route=\/wp\/v2\/pages\/13\/revisions"}],"predecessor-version":[{"id":32,"href":"https:\/\/www.egold-webdesign.de\/index.php?rest_route=\/wp\/v2\/pages\/13\/revisions\/32"}],"wp:attachment":[{"href":"https:\/\/www.egold-webdesign.de\/index.php?rest_route=%2Fwp%2Fv2%2Fmedia&parent=13"}],"curies":[{"name":"wp","href":"https:\/\/api.w.org\/{rel}","templated":true}]}}