{"id":9,"date":"2014-01-28T15:40:08","date_gmt":"2014-01-28T13:40:08","guid":{"rendered":"http:\/\/www.egold-webdesign.de\/?page_id=9"},"modified":"2014-01-29T12:30:21","modified_gmt":"2014-01-29T10:30:21","slug":"webprogrammierung","status":"publish","type":"page","link":"https:\/\/www.egold-webdesign.de\/?page_id=9","title":{"rendered":"Webprogrammierung"},"content":{"rendered":"<p><span style=\"font-family: arial,helvetica,sans-serif;\"><b>Webprogrammierung<\/b><b><br \/>\n<\/b><b>benutzerfreundliche Webseiten<\/b><\/span><\/p>\n<p><span style=\"font-family: arial,helvetica,sans-serif;\">Ihre Webseite ist das Aush\u00e4ngeschild Ihrer Firma im Internet und bietet gute M\u00f6glichkeiten, neue Kontakte zu kn\u00fcpfen und neue Kunden zu gewinnen.<\/span><\/p>\n<p><span style=\"font-family: arial,helvetica,sans-serif;\">Damit Ihr Angebot im richtigen Licht erscheint und von potentiellen Kunden auch gefunden wird, achten wir bei der Entwicklung Ihrer neuen Webseite vor allem auf folgende Merkmale:<\/span><\/p>\n<ul>\n<li><span style=\"font-family: arial,helvetica,sans-serif;\">ansprechendes, zielgruppengerechtes Design<\/span><\/li>\n<li><span style=\"font-family: arial,helvetica,sans-serif;\">klare, \u00fcbersichtliche Gliederung der Seiten<\/span><\/li>\n<li><span style=\"font-family: arial,helvetica,sans-serif;\">optimiert f\u00fcr gute Suchmaschinen-Positionen<\/span><\/li>\n<li><span style=\"font-family: arial,helvetica,sans-serif;\">schnelle Ladezeiten<\/span><\/li>\n<li><span style=\"font-family: arial,helvetica,sans-serif;\">Barrierefreiheit<\/span><\/li>\n<\/ul>\n<p><span style=\"font-family: arial,helvetica,sans-serif;\">Sie m\u00f6chten Ihr Angebot im Internet pr\u00e4sentieren und neue Kunden gewinnen?<\/span><\/p>\n<p><span style=\"font-family: arial,helvetica,sans-serif;\">Oder Sie haben bereits eine Webseite, deren Attraktivit\u00e4t Sie steigern m\u00f6chten?<\/span><\/p>\n<p><span style=\"font-family: arial,helvetica,sans-serif;\">Dann kontaktieren Sie uns um mit Ihnen ein ma\u00dfgeschneidertes Konzept zum entwickeln.<\/span><\/p>\n","protected":false},"excerpt":{"rendered":"<p>Webprogrammierung benutzerfreundliche Webseiten Ihre Webseite ist das Aush\u00e4ngeschild Ihrer Firma im Internet und bietet gute M\u00f6glichkeiten, neue Kontakte zu kn\u00fcpfen und neue Kunden zu gewinnen. Damit Ihr Angebot im richtigen Licht erscheint und von potentiellen Kunden auch gefunden wird, achten wir bei der Entwicklung Ihrer neuen Webseite vor allem auf<a href=\"https:\/\/www.egold-webdesign.de\/?page_id=9\" class=\"read-more\">Read the Rest&#8230;<\/a><\/p>\n","protected":false},"author":1,"featured_media":0,"parent":0,"menu_order":0,"comment_status":"closed","ping_status":"closed","template":"","meta":[],"_links":{"self":[{"href":"https:\/\/www.egold-webdesign.de\/index.php?rest_route=\/wp\/v2\/pages\/9"}],"collection":[{"href":"https:\/\/www.egold-webdesign.de\/index.php?rest_route=\/wp\/v2\/pages"}],"about":[{"href":"https:\/\/www.egold-webdesign.de\/index.php?rest_route=\/wp\/v2\/types\/page"}],"author":[{"embeddable":true,"href":"https:\/\/www.egold-webdesign.de\/index.php?rest_route=\/wp\/v2\/users\/1"}],"replies":[{"embeddable":true,"href":"https:\/\/www.egold-webdesign.de\/index.php?rest_route=%2Fwp%2Fv2%2Fcomments&post=9"}],"version-history":[{"count":2,"href":"https:\/\/www.egold-webdesign.de\/index.php?rest_route=\/wp\/v2\/pages\/9\/revisions"}],"predecessor-version":[{"id":22,"href":"https:\/\/www.egold-webdesign.de\/index.php?rest_route=\/wp\/v2\/pages\/9\/revisions\/22"}],"wp:attachment":[{"href":"https:\/\/www.egold-webdesign.de\/index.php?rest_route=%2Fwp%2Fv2%2Fmedia&parent=9"}],"curies":[{"name":"wp","href":"https:\/\/api.w.org\/{rel}","templated":true}]}}